{"id":8046,"date":"2022-02-18T17:31:49","date_gmt":"2022-02-18T16:31:49","guid":{"rendered":"https:\/\/www.schmitt-neumann.de\/produkt\/uncategorized\/geraete-fs-rd"},"modified":"2022-02-25T13:24:13","modified_gmt":"2022-02-25T12:24:13","slug":"geraete-fs-rd","status":"publish","type":"product","link":"https:\/\/www.schmitt-neumann.de\/en\/produkt\/electrical-terminals\/open-barrel-terminals-male-tabs-and-housings\/geraete-fs-rd","title":{"rendered":"GER\u00c4TE-FS-RD"},"content":{"rendered":"<p>GER\u00c4TE-FS-RD are male terminals with eyebolt connection area and can be attached with screws or rivets. They ensure excellent performance and consistent reliability for all electrical connections.<\/p>\n<p>Male terminals are used in the device and automotive industries. Other applications include computers and peripherals, industrial controls, measurement equipment and telecommunications equipment.<\/p>\n<p>Material: Brass, tin plated<br \/>\nTemperature range: -55\u00b0C to +100\u00b0C<\/p>\n","protected":false},"excerpt":{"rendered":"<p>GER\u00c4TE-FS-RD are male terminals with eyebolt connection area and can be attached with screws or rivets. They ensure excellent performance and consistent reliability for all electrical connections. Male terminals are used in the device and automotive industries. Other applications include computers and peripherals, industrial controls, measurement equipment and telecommunications equipment. Material: Brass, tin plated Temperature [&hellip;]<\/p>\n","protected":false},"featured_media":8117,"template":"","meta":{"_acf_changed":false},"product_brand":[],"product_cat":[96],"product_tag":[],"class_list":{"0":"post-8046","1":"product","2":"type-product","3":"status-publish","4":"has-post-thumbnail","6":"product_cat-open-barrel-terminals-male-tabs-and-housings","8":"first","9":"instock","10":"shipping-taxable","11":"product-type-simple"},"acf":[],"yoast_head":"<!-- This site is optimized with the Yoast SEO plugin v26.8 - https:\/\/yoast.com\/product\/yoast-seo-wordpress\/ -->\n<title>GER\u00c4TE-FS-RD - Schmitt + Neumann Kabelzubeh\u00f6r GmbH<\/title>\n<meta name=\"robots\" content=\"index, follow, max-snippet:-1, max-image-preview:large, max-video-preview:-1\" \/>\n<link rel=\"canonical\" href=\"https:\/\/www.schmitt-neumann.de\/en\/produkt\/electrical-terminals\/open-barrel-terminals-male-tabs-and-housings\/geraete-fs-rd\" \/>\n<meta property=\"og:locale\" content=\"en_US\" \/>\n<meta property=\"og:type\" content=\"article\" \/>\n<meta property=\"og:title\" content=\"GER\u00c4TE-FS-RD - Schmitt + Neumann Kabelzubeh\u00f6r GmbH\" \/>\n<meta property=\"og:description\" content=\"GER\u00c4TE-FS-RD are male terminals with eyebolt connection area and can be attached with screws or rivets. They ensure excellent performance and consistent reliability for all electrical connections. Male terminals are used in the device and automotive industries. Other applications include computers and peripherals, industrial controls, measurement equipment and telecommunications equipment. Material: Brass, tin plated Temperature [&hellip;]\" \/>\n<meta property=\"og:url\" content=\"https:\/\/www.schmitt-neumann.de\/en\/produkt\/electrical-terminals\/open-barrel-terminals-male-tabs-and-housings\/geraete-fs-rd\" \/>\n<meta property=\"og:site_name\" content=\"Schmitt + Neumann Kabelzubeh\u00f6r GmbH\" \/>\n<meta property=\"article:modified_time\" content=\"2022-02-25T12:24:13+00:00\" \/>\n<meta property=\"og:image\" content=\"https:\/\/www.schmitt-neumann.de\/wp-content\/uploads\/2022\/03\/geraete-fs-rd-1.jpg\" \/>\n\t<meta property=\"og:image:width\" content=\"630\" \/>\n\t<meta property=\"og:image:height\" content=\"630\" \/>\n\t<meta property=\"og:image:type\" content=\"image\/jpeg\" \/>\n<meta name=\"twitter:card\" content=\"summary_large_image\" \/>\n<meta name=\"twitter:label1\" content=\"Est. reading time\" \/>\n\t<meta name=\"twitter:data1\" content=\"1 minute\" \/>\n<script type=\"application\/ld+json\" class=\"yoast-schema-graph\">{\"@context\":\"https:\/\/schema.org\",\"@graph\":[{\"@type\":\"WebPage\",\"@id\":\"https:\/\/www.schmitt-neumann.de\/en\/produkt\/electrical-terminals\/open-barrel-terminals-male-tabs-and-housings\/geraete-fs-rd\",\"url\":\"https:\/\/www.schmitt-neumann.de\/en\/produkt\/electrical-terminals\/open-barrel-terminals-male-tabs-and-housings\/geraete-fs-rd\",\"name\":\"GER\u00c4TE-FS-RD - Schmitt + Neumann Kabelzubeh\u00f6r GmbH\",\"isPartOf\":{\"@id\":\"https:\/\/www.schmitt-neumann.de\/en\/#website\"},\"primaryImageOfPage\":{\"@id\":\"https:\/\/www.schmitt-neumann.de\/en\/produkt\/electrical-terminals\/open-barrel-terminals-male-tabs-and-housings\/geraete-fs-rd#primaryimage\"},\"image\":{\"@id\":\"https:\/\/www.schmitt-neumann.de\/en\/produkt\/electrical-terminals\/open-barrel-terminals-male-tabs-and-housings\/geraete-fs-rd#primaryimage\"},\"thumbnailUrl\":\"https:\/\/www.schmitt-neumann.de\/wp-content\/uploads\/2022\/03\/geraete-fs-rd-1.jpg\",\"datePublished\":\"2022-02-18T16:31:49+00:00\",\"dateModified\":\"2022-02-25T12:24:13+00:00\",\"breadcrumb\":{\"@id\":\"https:\/\/www.schmitt-neumann.de\/en\/produkt\/electrical-terminals\/open-barrel-terminals-male-tabs-and-housings\/geraete-fs-rd#breadcrumb\"},\"inLanguage\":\"en-US\",\"potentialAction\":[{\"@type\":\"ReadAction\",\"target\":[\"https:\/\/www.schmitt-neumann.de\/en\/produkt\/electrical-terminals\/open-barrel-terminals-male-tabs-and-housings\/geraete-fs-rd\"]}]},{\"@type\":\"ImageObject\",\"inLanguage\":\"en-US\",\"@id\":\"https:\/\/www.schmitt-neumann.de\/en\/produkt\/electrical-terminals\/open-barrel-terminals-male-tabs-and-housings\/geraete-fs-rd#primaryimage\",\"url\":\"https:\/\/www.schmitt-neumann.de\/wp-content\/uploads\/2022\/03\/geraete-fs-rd-1.jpg\",\"contentUrl\":\"https:\/\/www.schmitt-neumann.de\/wp-content\/uploads\/2022\/03\/geraete-fs-rd-1.jpg\",\"width\":630,\"height\":630},{\"@type\":\"BreadcrumbList\",\"@id\":\"https:\/\/www.schmitt-neumann.de\/en\/produkt\/electrical-terminals\/open-barrel-terminals-male-tabs-and-housings\/geraete-fs-rd#breadcrumb\",\"itemListElement\":[{\"@type\":\"ListItem\",\"position\":1,\"name\":\"Startseite\",\"item\":\"https:\/\/www.schmitt-neumann.de\/en\"},{\"@type\":\"ListItem\",\"position\":2,\"name\":\"Products\",\"item\":\"https:\/\/www.schmitt-neumann.de\/en\/products\"},{\"@type\":\"ListItem\",\"position\":3,\"name\":\"GER\u00c4TE-FS-RD\"}]},{\"@type\":\"WebSite\",\"@id\":\"https:\/\/www.schmitt-neumann.de\/en\/#website\",\"url\":\"https:\/\/www.schmitt-neumann.de\/en\/\",\"name\":\"Schmitt + Neumann Kabelzubeh\u00f6r GmbH\",\"description\":\"Schmitt + Neumann Kabelzubeh\u00f6r GmbH\",\"potentialAction\":[{\"@type\":\"SearchAction\",\"target\":{\"@type\":\"EntryPoint\",\"urlTemplate\":\"https:\/\/www.schmitt-neumann.de\/en\/?s={search_term_string}\"},\"query-input\":{\"@type\":\"PropertyValueSpecification\",\"valueRequired\":true,\"valueName\":\"search_term_string\"}}],\"inLanguage\":\"en-US\"}]}<\/script>\n<!-- \/ Yoast SEO plugin. -->","yoast_head_json":{"title":"GER\u00c4TE-FS-RD - Schmitt + Neumann Kabelzubeh\u00f6r GmbH","robots":{"index":"index","follow":"follow","max-snippet":"max-snippet:-1","max-image-preview":"max-image-preview:large","max-video-preview":"max-video-preview:-1"},"canonical":"https:\/\/www.schmitt-neumann.de\/en\/produkt\/electrical-terminals\/open-barrel-terminals-male-tabs-and-housings\/geraete-fs-rd","og_locale":"en_US","og_type":"article","og_title":"GER\u00c4TE-FS-RD - Schmitt + Neumann Kabelzubeh\u00f6r GmbH","og_description":"GER\u00c4TE-FS-RD are male terminals with eyebolt connection area and can be attached with screws or rivets. They ensure excellent performance and consistent reliability for all electrical connections. Male terminals are used in the device and automotive industries. Other applications include computers and peripherals, industrial controls, measurement equipment and telecommunications equipment. Material: Brass, tin plated Temperature [&hellip;]","og_url":"https:\/\/www.schmitt-neumann.de\/en\/produkt\/electrical-terminals\/open-barrel-terminals-male-tabs-and-housings\/geraete-fs-rd","og_site_name":"Schmitt + Neumann Kabelzubeh\u00f6r GmbH","article_modified_time":"2022-02-25T12:24:13+00:00","og_image":[{"width":630,"height":630,"url":"https:\/\/www.schmitt-neumann.de\/wp-content\/uploads\/2022\/03\/geraete-fs-rd-1.jpg","type":"image\/jpeg"}],"twitter_card":"summary_large_image","twitter_misc":{"Est. reading time":"1 minute"},"schema":{"@context":"https:\/\/schema.org","@graph":[{"@type":"WebPage","@id":"https:\/\/www.schmitt-neumann.de\/en\/produkt\/electrical-terminals\/open-barrel-terminals-male-tabs-and-housings\/geraete-fs-rd","url":"https:\/\/www.schmitt-neumann.de\/en\/produkt\/electrical-terminals\/open-barrel-terminals-male-tabs-and-housings\/geraete-fs-rd","name":"GER\u00c4TE-FS-RD - Schmitt + Neumann Kabelzubeh\u00f6r GmbH","isPartOf":{"@id":"https:\/\/www.schmitt-neumann.de\/en\/#website"},"primaryImageOfPage":{"@id":"https:\/\/www.schmitt-neumann.de\/en\/produkt\/electrical-terminals\/open-barrel-terminals-male-tabs-and-housings\/geraete-fs-rd#primaryimage"},"image":{"@id":"https:\/\/www.schmitt-neumann.de\/en\/produkt\/electrical-terminals\/open-barrel-terminals-male-tabs-and-housings\/geraete-fs-rd#primaryimage"},"thumbnailUrl":"https:\/\/www.schmitt-neumann.de\/wp-content\/uploads\/2022\/03\/geraete-fs-rd-1.jpg","datePublished":"2022-02-18T16:31:49+00:00","dateModified":"2022-02-25T12:24:13+00:00","breadcrumb":{"@id":"https:\/\/www.schmitt-neumann.de\/en\/produkt\/electrical-terminals\/open-barrel-terminals-male-tabs-and-housings\/geraete-fs-rd#breadcrumb"},"inLanguage":"en-US","potentialAction":[{"@type":"ReadAction","target":["https:\/\/www.schmitt-neumann.de\/en\/produkt\/electrical-terminals\/open-barrel-terminals-male-tabs-and-housings\/geraete-fs-rd"]}]},{"@type":"ImageObject","inLanguage":"en-US","@id":"https:\/\/www.schmitt-neumann.de\/en\/produkt\/electrical-terminals\/open-barrel-terminals-male-tabs-and-housings\/geraete-fs-rd#primaryimage","url":"https:\/\/www.schmitt-neumann.de\/wp-content\/uploads\/2022\/03\/geraete-fs-rd-1.jpg","contentUrl":"https:\/\/www.schmitt-neumann.de\/wp-content\/uploads\/2022\/03\/geraete-fs-rd-1.jpg","width":630,"height":630},{"@type":"BreadcrumbList","@id":"https:\/\/www.schmitt-neumann.de\/en\/produkt\/electrical-terminals\/open-barrel-terminals-male-tabs-and-housings\/geraete-fs-rd#breadcrumb","itemListElement":[{"@type":"ListItem","position":1,"name":"Startseite","item":"https:\/\/www.schmitt-neumann.de\/en"},{"@type":"ListItem","position":2,"name":"Products","item":"https:\/\/www.schmitt-neumann.de\/en\/products"},{"@type":"ListItem","position":3,"name":"GER\u00c4TE-FS-RD"}]},{"@type":"WebSite","@id":"https:\/\/www.schmitt-neumann.de\/en\/#website","url":"https:\/\/www.schmitt-neumann.de\/en\/","name":"Schmitt + Neumann Kabelzubeh\u00f6r GmbH","description":"Schmitt + Neumann Kabelzubeh\u00f6r GmbH","potentialAction":[{"@type":"SearchAction","target":{"@type":"EntryPoint","urlTemplate":"https:\/\/www.schmitt-neumann.de\/en\/?s={search_term_string}"},"query-input":{"@type":"PropertyValueSpecification","valueRequired":true,"valueName":"search_term_string"}}],"inLanguage":"en-US"}]}},"_links":{"self":[{"href":"https:\/\/www.schmitt-neumann.de\/en\/wp-json\/wp\/v2\/product\/8046","targetHints":{"allow":["GET"]}}],"collection":[{"href":"https:\/\/www.schmitt-neumann.de\/en\/wp-json\/wp\/v2\/product"}],"about":[{"href":"https:\/\/www.schmitt-neumann.de\/en\/wp-json\/wp\/v2\/types\/product"}],"wp:featuredmedia":[{"embeddable":true,"href":"https:\/\/www.schmitt-neumann.de\/en\/wp-json\/wp\/v2\/media\/8117"}],"wp:attachment":[{"href":"https:\/\/www.schmitt-neumann.de\/en\/wp-json\/wp\/v2\/media?parent=8046"}],"wp:term":[{"taxonomy":"product_brand","embeddable":true,"href":"https:\/\/www.schmitt-neumann.de\/en\/wp-json\/wp\/v2\/product_brand?post=8046"},{"taxonomy":"product_cat","embeddable":true,"href":"https:\/\/www.schmitt-neumann.de\/en\/wp-json\/wp\/v2\/product_cat?post=8046"},{"taxonomy":"product_tag","embeddable":true,"href":"https:\/\/www.schmitt-neumann.de\/en\/wp-json\/wp\/v2\/product_tag?post=8046"}],"curies":[{"name":"wp","href":"https:\/\/api.w.org\/{rel}","templated":true}]}}