{"id":5902,"date":"2021-04-23T15:26:21","date_gmt":"2021-07-02T09:20:54","guid":{"rendered":"https:\/\/www.schmitt-neumann.de\/?post_type=product&#038;p=5902"},"modified":"2021-08-09T20:06:10","modified_gmt":"2021-08-09T18:06:10","slug":"geraete-fs-2","status":"publish","type":"product","link":"https:\/\/www.schmitt-neumann.de\/en\/produkt\/electrical-terminals\/open-barrel-terminals-male-tabs-and-housings\/geraete-fs-2","title":{"rendered":"GER\u00c4TE-FS-2"},"content":{"rendered":"<p>Double male terminals GER\u00c4TE-FS-2 are attached with screws or rivets. They are available in straight and angled versions and as male terminals in straight and angled versions (GER\u00c4TE-FS). They ensure excellent performance and consistent reliability for all electrical connections.<\/p>\n<p>Male terminals GER\u00c4TE-FS-2 are used in the device and automotive industries. Other applications include computers and peripherals, industrial controls, measurement equipment, and telecommunications equipment.<\/p>\n<p>Material: Brass, tin plated<br \/>\nTemperature range: -55\u00b0C to +100\u00b0C<\/p>\n<p>&nbsp;<\/p>\n<p>&nbsp;<\/p>\n","protected":false},"excerpt":{"rendered":"<p>Double male terminals GER\u00c4TE-FS-2 are attached with screws or rivets. They are available in straight and angled versions and as male terminals in straight and angled versions (GER\u00c4TE-FS). They ensure excellent performance and consistent reliability for all electrical connections. Male terminals GER\u00c4TE-FS-2 are used in the device and automotive industries. Other applications include computers and [&hellip;]<\/p>\n","protected":false},"featured_media":4729,"template":"","meta":{"_acf_changed":false},"product_brand":[],"product_cat":[91,96],"product_tag":[],"class_list":{"0":"post-5902","1":"product","2":"type-product","3":"status-publish","4":"has-post-thumbnail","6":"product_cat-electrical-terminals","7":"product_cat-open-barrel-terminals-male-tabs-and-housings","9":"first","10":"instock","11":"shipping-taxable","12":"product-type-simple"},"acf":[],"yoast_head":"<!-- This site is optimized with the Yoast SEO plugin v26.8 - https:\/\/yoast.com\/product\/yoast-seo-wordpress\/ -->\n<title>GER\u00c4TE-FS-2 - Schmitt + Neumann Kabelzubeh\u00f6r GmbH<\/title>\n<meta name=\"robots\" content=\"index, follow, max-snippet:-1, max-image-preview:large, max-video-preview:-1\" \/>\n<link rel=\"canonical\" href=\"https:\/\/www.schmitt-neumann.de\/en\/produkt\/electrical-terminals\/open-barrel-terminals-male-tabs-and-housings\/geraete-fs-2\" \/>\n<meta property=\"og:locale\" content=\"en_US\" \/>\n<meta property=\"og:type\" content=\"article\" \/>\n<meta property=\"og:title\" content=\"GER\u00c4TE-FS-2 - Schmitt + Neumann Kabelzubeh\u00f6r GmbH\" \/>\n<meta property=\"og:description\" content=\"Double male terminals GER\u00c4TE-FS-2 are attached with screws or rivets. They are available in straight and angled versions and as male terminals in straight and angled versions (GER\u00c4TE-FS). They ensure excellent performance and consistent reliability for all electrical connections. Male terminals GER\u00c4TE-FS-2 are used in the device and automotive industries. Other applications include computers and [&hellip;]\" \/>\n<meta property=\"og:url\" content=\"https:\/\/www.schmitt-neumann.de\/en\/produkt\/electrical-terminals\/open-barrel-terminals-male-tabs-and-housings\/geraete-fs-2\" \/>\n<meta property=\"og:site_name\" content=\"Schmitt + Neumann Kabelzubeh\u00f6r GmbH\" \/>\n<meta property=\"article:modified_time\" content=\"2021-08-09T18:06:10+00:00\" \/>\n<meta property=\"og:image\" content=\"https:\/\/www.schmitt-neumann.de\/wp-content\/uploads\/2021\/05\/GERAETE-FS-2-114-webkat-titel.jpg\" \/>\n\t<meta property=\"og:image:width\" content=\"1000\" \/>\n\t<meta property=\"og:image:height\" content=\"1000\" \/>\n\t<meta property=\"og:image:type\" content=\"image\/jpeg\" \/>\n<meta name=\"twitter:card\" content=\"summary_large_image\" \/>\n<meta name=\"twitter:label1\" content=\"Est. reading time\" \/>\n\t<meta name=\"twitter:data1\" content=\"1 minute\" \/>\n<script type=\"application\/ld+json\" class=\"yoast-schema-graph\">{\"@context\":\"https:\/\/schema.org\",\"@graph\":[{\"@type\":\"WebPage\",\"@id\":\"https:\/\/www.schmitt-neumann.de\/en\/produkt\/electrical-terminals\/open-barrel-terminals-male-tabs-and-housings\/geraete-fs-2\",\"url\":\"https:\/\/www.schmitt-neumann.de\/en\/produkt\/electrical-terminals\/open-barrel-terminals-male-tabs-and-housings\/geraete-fs-2\",\"name\":\"GER\u00c4TE-FS-2 - Schmitt + Neumann Kabelzubeh\u00f6r GmbH\",\"isPartOf\":{\"@id\":\"https:\/\/www.schmitt-neumann.de\/en\/#website\"},\"primaryImageOfPage\":{\"@id\":\"https:\/\/www.schmitt-neumann.de\/en\/produkt\/electrical-terminals\/open-barrel-terminals-male-tabs-and-housings\/geraete-fs-2#primaryimage\"},\"image\":{\"@id\":\"https:\/\/www.schmitt-neumann.de\/en\/produkt\/electrical-terminals\/open-barrel-terminals-male-tabs-and-housings\/geraete-fs-2#primaryimage\"},\"thumbnailUrl\":\"https:\/\/www.schmitt-neumann.de\/wp-content\/uploads\/2021\/05\/GERAETE-FS-2-114-webkat-titel.jpg\",\"datePublished\":\"2021-07-02T09:20:54+00:00\",\"dateModified\":\"2021-08-09T18:06:10+00:00\",\"breadcrumb\":{\"@id\":\"https:\/\/www.schmitt-neumann.de\/en\/produkt\/electrical-terminals\/open-barrel-terminals-male-tabs-and-housings\/geraete-fs-2#breadcrumb\"},\"inLanguage\":\"en-US\",\"potentialAction\":[{\"@type\":\"ReadAction\",\"target\":[\"https:\/\/www.schmitt-neumann.de\/en\/produkt\/electrical-terminals\/open-barrel-terminals-male-tabs-and-housings\/geraete-fs-2\"]}]},{\"@type\":\"ImageObject\",\"inLanguage\":\"en-US\",\"@id\":\"https:\/\/www.schmitt-neumann.de\/en\/produkt\/electrical-terminals\/open-barrel-terminals-male-tabs-and-housings\/geraete-fs-2#primaryimage\",\"url\":\"https:\/\/www.schmitt-neumann.de\/wp-content\/uploads\/2021\/05\/GERAETE-FS-2-114-webkat-titel.jpg\",\"contentUrl\":\"https:\/\/www.schmitt-neumann.de\/wp-content\/uploads\/2021\/05\/GERAETE-FS-2-114-webkat-titel.jpg\",\"width\":1000,\"height\":1000},{\"@type\":\"BreadcrumbList\",\"@id\":\"https:\/\/www.schmitt-neumann.de\/en\/produkt\/electrical-terminals\/open-barrel-terminals-male-tabs-and-housings\/geraete-fs-2#breadcrumb\",\"itemListElement\":[{\"@type\":\"ListItem\",\"position\":1,\"name\":\"Startseite\",\"item\":\"https:\/\/www.schmitt-neumann.de\/en\"},{\"@type\":\"ListItem\",\"position\":2,\"name\":\"Products\",\"item\":\"https:\/\/www.schmitt-neumann.de\/en\/products\"},{\"@type\":\"ListItem\",\"position\":3,\"name\":\"GER\u00c4TE-FS-2\"}]},{\"@type\":\"WebSite\",\"@id\":\"https:\/\/www.schmitt-neumann.de\/en\/#website\",\"url\":\"https:\/\/www.schmitt-neumann.de\/en\/\",\"name\":\"Schmitt + Neumann Kabelzubeh\u00f6r GmbH\",\"description\":\"Schmitt + Neumann Kabelzubeh\u00f6r GmbH\",\"potentialAction\":[{\"@type\":\"SearchAction\",\"target\":{\"@type\":\"EntryPoint\",\"urlTemplate\":\"https:\/\/www.schmitt-neumann.de\/en\/?s={search_term_string}\"},\"query-input\":{\"@type\":\"PropertyValueSpecification\",\"valueRequired\":true,\"valueName\":\"search_term_string\"}}],\"inLanguage\":\"en-US\"}]}<\/script>\n<!-- \/ Yoast SEO plugin. -->","yoast_head_json":{"title":"GER\u00c4TE-FS-2 - Schmitt + Neumann Kabelzubeh\u00f6r GmbH","robots":{"index":"index","follow":"follow","max-snippet":"max-snippet:-1","max-image-preview":"max-image-preview:large","max-video-preview":"max-video-preview:-1"},"canonical":"https:\/\/www.schmitt-neumann.de\/en\/produkt\/electrical-terminals\/open-barrel-terminals-male-tabs-and-housings\/geraete-fs-2","og_locale":"en_US","og_type":"article","og_title":"GER\u00c4TE-FS-2 - Schmitt + Neumann Kabelzubeh\u00f6r GmbH","og_description":"Double male terminals GER\u00c4TE-FS-2 are attached with screws or rivets. They are available in straight and angled versions and as male terminals in straight and angled versions (GER\u00c4TE-FS). They ensure excellent performance and consistent reliability for all electrical connections. Male terminals GER\u00c4TE-FS-2 are used in the device and automotive industries. Other applications include computers and [&hellip;]","og_url":"https:\/\/www.schmitt-neumann.de\/en\/produkt\/electrical-terminals\/open-barrel-terminals-male-tabs-and-housings\/geraete-fs-2","og_site_name":"Schmitt + Neumann Kabelzubeh\u00f6r GmbH","article_modified_time":"2021-08-09T18:06:10+00:00","og_image":[{"width":1000,"height":1000,"url":"https:\/\/www.schmitt-neumann.de\/wp-content\/uploads\/2021\/05\/GERAETE-FS-2-114-webkat-titel.jpg","type":"image\/jpeg"}],"twitter_card":"summary_large_image","twitter_misc":{"Est. reading time":"1 minute"},"schema":{"@context":"https:\/\/schema.org","@graph":[{"@type":"WebPage","@id":"https:\/\/www.schmitt-neumann.de\/en\/produkt\/electrical-terminals\/open-barrel-terminals-male-tabs-and-housings\/geraete-fs-2","url":"https:\/\/www.schmitt-neumann.de\/en\/produkt\/electrical-terminals\/open-barrel-terminals-male-tabs-and-housings\/geraete-fs-2","name":"GER\u00c4TE-FS-2 - Schmitt + Neumann Kabelzubeh\u00f6r GmbH","isPartOf":{"@id":"https:\/\/www.schmitt-neumann.de\/en\/#website"},"primaryImageOfPage":{"@id":"https:\/\/www.schmitt-neumann.de\/en\/produkt\/electrical-terminals\/open-barrel-terminals-male-tabs-and-housings\/geraete-fs-2#primaryimage"},"image":{"@id":"https:\/\/www.schmitt-neumann.de\/en\/produkt\/electrical-terminals\/open-barrel-terminals-male-tabs-and-housings\/geraete-fs-2#primaryimage"},"thumbnailUrl":"https:\/\/www.schmitt-neumann.de\/wp-content\/uploads\/2021\/05\/GERAETE-FS-2-114-webkat-titel.jpg","datePublished":"2021-07-02T09:20:54+00:00","dateModified":"2021-08-09T18:06:10+00:00","breadcrumb":{"@id":"https:\/\/www.schmitt-neumann.de\/en\/produkt\/electrical-terminals\/open-barrel-terminals-male-tabs-and-housings\/geraete-fs-2#breadcrumb"},"inLanguage":"en-US","potentialAction":[{"@type":"ReadAction","target":["https:\/\/www.schmitt-neumann.de\/en\/produkt\/electrical-terminals\/open-barrel-terminals-male-tabs-and-housings\/geraete-fs-2"]}]},{"@type":"ImageObject","inLanguage":"en-US","@id":"https:\/\/www.schmitt-neumann.de\/en\/produkt\/electrical-terminals\/open-barrel-terminals-male-tabs-and-housings\/geraete-fs-2#primaryimage","url":"https:\/\/www.schmitt-neumann.de\/wp-content\/uploads\/2021\/05\/GERAETE-FS-2-114-webkat-titel.jpg","contentUrl":"https:\/\/www.schmitt-neumann.de\/wp-content\/uploads\/2021\/05\/GERAETE-FS-2-114-webkat-titel.jpg","width":1000,"height":1000},{"@type":"BreadcrumbList","@id":"https:\/\/www.schmitt-neumann.de\/en\/produkt\/electrical-terminals\/open-barrel-terminals-male-tabs-and-housings\/geraete-fs-2#breadcrumb","itemListElement":[{"@type":"ListItem","position":1,"name":"Startseite","item":"https:\/\/www.schmitt-neumann.de\/en"},{"@type":"ListItem","position":2,"name":"Products","item":"https:\/\/www.schmitt-neumann.de\/en\/products"},{"@type":"ListItem","position":3,"name":"GER\u00c4TE-FS-2"}]},{"@type":"WebSite","@id":"https:\/\/www.schmitt-neumann.de\/en\/#website","url":"https:\/\/www.schmitt-neumann.de\/en\/","name":"Schmitt + Neumann Kabelzubeh\u00f6r GmbH","description":"Schmitt + Neumann Kabelzubeh\u00f6r GmbH","potentialAction":[{"@type":"SearchAction","target":{"@type":"EntryPoint","urlTemplate":"https:\/\/www.schmitt-neumann.de\/en\/?s={search_term_string}"},"query-input":{"@type":"PropertyValueSpecification","valueRequired":true,"valueName":"search_term_string"}}],"inLanguage":"en-US"}]}},"_links":{"self":[{"href":"https:\/\/www.schmitt-neumann.de\/en\/wp-json\/wp\/v2\/product\/5902","targetHints":{"allow":["GET"]}}],"collection":[{"href":"https:\/\/www.schmitt-neumann.de\/en\/wp-json\/wp\/v2\/product"}],"about":[{"href":"https:\/\/www.schmitt-neumann.de\/en\/wp-json\/wp\/v2\/types\/product"}],"wp:featuredmedia":[{"embeddable":true,"href":"https:\/\/www.schmitt-neumann.de\/en\/wp-json\/wp\/v2\/media\/4729"}],"wp:attachment":[{"href":"https:\/\/www.schmitt-neumann.de\/en\/wp-json\/wp\/v2\/media?parent=5902"}],"wp:term":[{"taxonomy":"product_brand","embeddable":true,"href":"https:\/\/www.schmitt-neumann.de\/en\/wp-json\/wp\/v2\/product_brand?post=5902"},{"taxonomy":"product_cat","embeddable":true,"href":"https:\/\/www.schmitt-neumann.de\/en\/wp-json\/wp\/v2\/product_cat?post=5902"},{"taxonomy":"product_tag","embeddable":true,"href":"https:\/\/www.schmitt-neumann.de\/en\/wp-json\/wp\/v2\/product_tag?post=5902"}],"curies":[{"name":"wp","href":"https:\/\/api.w.org\/{rel}","templated":true}]}}